{"id":288,"date":"2023-04-26T21:14:41","date_gmt":"2023-04-26T21:14:41","guid":{"rendered":"http:\/\/versirecruitment.com\/?page_id=288"},"modified":"2025-06-18T11:09:42","modified_gmt":"2025-06-18T11:09:42","slug":"about","status":"publish","type":"page","link":"https:\/\/versirecruitment.com\/ro\/about\/","title":{"rendered":"Despre Noi"},"content":{"rendered":"<p>[et_pb_section fb_built=&#8221;1&#8243; fullwidth=&#8221;on&#8221; admin_label=&#8221;Hero Section&#8221; _builder_version=&#8221;4.20.4&#8243; background_enable_image=&#8221;off&#8221; parallax=&#8221;on&#8221; custom_padding=&#8221;|||&#8221; locked=&#8221;off&#8221; global_colors_info=&#8221;{}&#8221;][et_pb_fullwidth_header title=&#8221;about&#8221; text_orientation=&#8221;center&#8221; image_orientation=&#8221;bottom&#8221; content_max_width=&#8221;900px&#8221; admin_label=&#8221;Fullwidth Header&#8221; _builder_version=&#8221;4.20.4&#8243; title_font=&#8221;Poppins|600||on|||||&#8221; title_text_align=&#8221;center&#8221; title_font_size=&#8221;35px&#8221; title_letter_spacing=&#8221;4px&#8221; title_line_height=&#8221;1.8em&#8221; content_font=&#8221;Montserrat||||||||&#8221; subhead_font=&#8221;Montserrat|600|||||||&#8221; subhead_font_size=&#8221;16px&#8221; subhead_line_height=&#8221;1.4em&#8221; background_color=&#8221;rgba(126,190,197,0)&#8221; use_background_color_gradient=&#8221;on&#8221; background_color_gradient_direction=&#8221;90deg&#8221; background_color_gradient_stops=&#8221;#5d9b87 3%|rgba(64, 110, 173, 0.79) 44%|rgba(0,13,255,0.35) 75%&#8221; background_color_gradient_overlays_image=&#8221;on&#8221; background_color_gradient_start=&#8221;#000dff&#8221; background_color_gradient_start_position=&#8221;25%&#8221; background_color_gradient_end=&#8221;rgba(0,13,255,0.35)&#8221; background_color_gradient_end_position=&#8221;75%&#8221; background_image=&#8221;http:\/\/versirecruitment.com\/wp-content\/uploads\/2023\/04\/Untitled-design-24.png&#8221; custom_button_one=&#8221;on&#8221; button_one_text_size=&#8221;14px&#8221; button_one_text_color=&#8221;#FFFFFF&#8221; button_one_bg_color=&#8221;#016855&#8243; button_one_border_width=&#8221;12px&#8221; button_one_border_color=&#8221;#016855&#8243; button_one_letter_spacing=&#8221;2px&#8221; button_one_font=&#8221;Montserrat|600||on|||||&#8221; button_one_icon=&#8221;&#x24;||divi||400&#8243; custom_button_two=&#8221;on&#8221; button_two_text_size=&#8221;14px&#8221; button_two_text_color=&#8221;#016855&#8243; button_two_bg_color=&#8221;#ffffff&#8221; button_two_border_width=&#8221;12px&#8221; button_two_border_color=&#8221;#ffffff&#8221; button_two_letter_spacing=&#8221;2px&#8221; button_two_font=&#8221;Montserrat|600||on|||||&#8221; button_two_icon=&#8221;&#x24;||divi||400&#8243; min_height=&#8221;105.8px&#8221; height=&#8221;297px&#8221; custom_padding=&#8221;5vw||0vw||false|false&#8221; custom_padding_tablet=&#8221;11vw||||false|false&#8221; custom_padding_phone=&#8221;23vw||||false|false&#8221; custom_padding_last_edited=&#8221;on|phone&#8221; title_font_size_tablet=&#8221;28px&#8221; title_font_size_phone=&#8221;25px&#8221; title_font_size_last_edited=&#8221;on|phone&#8221; content_font_size_last_edited=&#8221;off|desktop&#8221; subhead_font_size_tablet=&#8221;56px&#8221; subhead_font_size_phone=&#8221;36px&#8221; subhead_font_size_last_edited=&#8221;on|phone&#8221; button_one_letter_spacing_hover=&#8221;2px&#8221; button_two_letter_spacing_hover=&#8221;2px&#8221; global_colors_info=&#8221;{}&#8221; button_one_text_size__hover_enabled=&#8221;off&#8221; button_two_text_size__hover_enabled=&#8221;off&#8221; button_one_text_color__hover_enabled=&#8221;off&#8221; button_two_text_color__hover_enabled=&#8221;off&#8221; button_one_border_width__hover_enabled=&#8221;off&#8221; button_two_border_width__hover_enabled=&#8221;off&#8221; button_one_border_color__hover_enabled=&#8221;off&#8221; button_two_border_color__hover_enabled=&#8221;off&#8221; button_one_border_radius__hover_enabled=&#8221;off&#8221; button_two_border_radius__hover_enabled=&#8221;off&#8221; button_one_letter_spacing__hover_enabled=&#8221;on&#8221; button_one_letter_spacing__hover=&#8221;2px&#8221; button_two_letter_spacing__hover_enabled=&#8221;on&#8221; button_two_letter_spacing__hover=&#8221;2px&#8221; button_one_bg_color__hover_enabled=&#8221;off&#8221; button_two_bg_color__hover_enabled=&#8221;off&#8221;][\/et_pb_fullwidth_header][\/et_pb_section][et_pb_section fb_built=&#8221;1&#8243; specialty=&#8221;on&#8221; _builder_version=&#8221;4.20.4&#8243; _module_preset=&#8221;default&#8221; background_color=&#8221;#ffffff&#8221; top_divider_height=&#8221;15vw&#8221; top_divider_repeat=&#8221;1.5x&#8221; locked=&#8221;off&#8221; global_colors_info=&#8221;{}&#8221;][et_pb_column type=&#8221;2_3&#8243; specialty_columns=&#8221;2&#8243; _builder_version=&#8221;4.16&#8243; custom_padding=&#8221;|||&#8221; global_colors_info=&#8221;{}&#8221; custom_padding__hover=&#8221;|||&#8221;][et_pb_row_inner _builder_version=&#8221;4.16&#8243; _module_preset=&#8221;default&#8221; global_colors_info=&#8221;{}&#8221;][et_pb_column_inner saved_specialty_column_type=&#8221;2_3&#8243; _builder_version=&#8221;4.16&#8243; _module_preset=&#8221;default&#8221; global_colors_info=&#8221;{}&#8221;][et_pb_text _builder_version=&#8221;4.20.4&#8243; _module_preset=&#8221;b6cb9bd8-0fbd-4699-b58d-51b3d480db23&#8243; header_2_font=&#8221;Poppins|600|||||||&#8221; header_2_font_size=&#8221;42px&#8221; header_2_line_height=&#8221;1.2em&#8221; max_width=&#8221;650px&#8221; custom_margin=&#8221;||20px||false|false&#8221; header_2_font_size_tablet=&#8221;32px&#8221; header_2_font_size_phone=&#8221;20px&#8221; header_2_font_size_last_edited=&#8221;on|desktop&#8221; locked=&#8221;off&#8221; global_colors_info=&#8221;{}&#8221;]<\/p>\n<h2>Bine a\u021bi venit la Versi Recruitment<\/h2>\n<p>[\/et_pb_text][et_pb_text _builder_version=&#8221;4.20.4&#8243; _module_preset=&#8221;f0cf31b9-b2e7-4752-a57c-6e2f73347b36&#8243; text_font=&#8221;Poppins|300|||||||&#8221; text_font_size=&#8221;16px&#8221; text_line_height=&#8221;1.8em&#8221; max_width=&#8221;650px&#8221; custom_padding=&#8221;||0px|||&#8221; text_font_size_tablet=&#8221;15px&#8221; text_font_size_phone=&#8221;14px&#8221; text_font_size_last_edited=&#8221;on|desktop&#8221; header_font_size_tablet=&#8221;55px&#8221; header_font_size_last_edited=&#8221;off|desktop&#8221; locked=&#8221;off&#8221; global_colors_info=&#8221;{}&#8221;]<\/p>\n<p><span>Suntem o agen\u021bie de recrutare dinamic\u0103 \u0219i inovatoare cu sediul \u00een Portugalia, cu opera\u021biuni \u00een \u00eentreaga Uniune European\u0103.<\/span><\/p>\n<p><span><\/span><\/p>\n<p><span>Punem \u00een leg\u0103tur\u0103 candida\u021bii potrivi\u021bi cu angajatorii potrivi\u021bi, ajut\u00e2nd afacerile s\u0103 se dezvolte \u0219i persoanele s\u0103 \u00ee\u0219i dezvolte cariera. Suntem pasiona\u021bi de ceea ce facem \u0219i ne m\u00e2ndrim cu capacitatea noastr\u0103 de a g\u0103si persoana potrivit\u0103 pentru fiecare post.<\/span><\/p>\n<p><span>Fie c\u0103 sunte\u021bi un candidat \u00een c\u0103utarea unei noi oportunit\u0103\u021bi sau un angajator \u00een c\u0103utarea de talente de top, suntem aici pentru a v\u0103 ajuta s\u0103 reu\u0219i\u021bi. Oferim servicii specializate de recrutare pentru industria hotelier\u0103, logistic\u0103, construc\u021bii \u0219i tehnic\u0103. Abordarea noastr\u0103 personalizat\u0103 asigur\u0103 potrivirea perfect\u0103 pentru fiecare post, at\u00e2t pentru angajatori, c\u00e2t \u0219i pentru candida\u021bi.<\/span><\/p>\n<p>[\/et_pb_text][et_pb_image src=&#8221;http:\/\/versirecruitment.com\/wp-content\/uploads\/2023\/04\/Untitled-design-12.png&#8221; title_text=&#8221;Untitled design (12)&#8221; disabled_on=&#8221;off|off|on&#8221; _builder_version=&#8221;4.20.4&#8243; _module_preset=&#8221;default&#8221; max_width=&#8221;400px&#8221; module_alignment=&#8221;center&#8221; height=&#8221;386px&#8221; locked=&#8221;off&#8221; global_colors_info=&#8221;{}&#8221;][\/et_pb_image][\/et_pb_column_inner][\/et_pb_row_inner][et_pb_row_inner column_structure=&#8221;1_2,1_2&#8243; _builder_version=&#8221;4.16&#8243; _module_preset=&#8221;default&#8221; global_colors_info=&#8221;{}&#8221;][et_pb_column_inner type=&#8221;1_2&#8243; saved_specialty_column_type=&#8221;2_3&#8243; _builder_version=&#8221;4.16&#8243; _module_preset=&#8221;default&#8221; global_colors_info=&#8221;{}&#8221;][et_pb_button button_url=&#8221;@ET-DC@eyJkeW5hbWljIjp0cnVlLCJjb250ZW50IjoicG9zdF9saW5rX3VybF9wYWdlIiwic2V0dGluZ3MiOnsicG9zdF9pZCI6IjU3In19@&#8221; button_text=&#8221;Contact Us &#8221; _builder_version=&#8221;4.20.4&#8243; _dynamic_attributes=&#8221;button_url&#8221; _module_preset=&#8221;default&#8221; custom_button=&#8221;on&#8221; button_text_color=&#8221;#FFFFFF&#8221; button_bg_color=&#8221;#016855&#8243; button_font=&#8221;Poppins|300|||||||&#8221; button_on_hover=&#8221;off&#8221; global_colors_info=&#8221;{}&#8221;][\/et_pb_button][\/et_pb_column_inner][et_pb_column_inner type=&#8221;1_2&#8243; saved_specialty_column_type=&#8221;2_3&#8243; _builder_version=&#8221;4.16&#8243; _module_preset=&#8221;default&#8221; global_colors_info=&#8221;{}&#8221;][et_pb_button button_url=&#8221;@ET-DC@eyJkeW5hbWljIjp0cnVlLCJjb250ZW50IjoicG9zdF9saW5rX3VybF9wYWdlIiwic2V0dGluZ3MiOnsicG9zdF9pZCI6IjMzNCJ9fQ==@&#8221; button_text=&#8221;Check our FAQs&#8221; _builder_version=&#8221;4.20.4&#8243; _dynamic_attributes=&#8221;button_url&#8221; _module_preset=&#8221;default&#8221; custom_button=&#8221;on&#8221; button_text_color=&#8221;#FFFFFF&#8221; button_bg_color=&#8221;#016855&#8243; button_font=&#8221;|300|||||||&#8221; button_on_hover=&#8221;off&#8221; global_colors_info=&#8221;{}&#8221;][\/et_pb_button][\/et_pb_column_inner][\/et_pb_row_inner][et_pb_row_inner _builder_version=&#8221;4.20.4&#8243; _module_preset=&#8221;default&#8221; custom_padding=&#8221;9px|||||&#8221; global_colors_info=&#8221;{}&#8221;][et_pb_column_inner saved_specialty_column_type=&#8221;2_3&#8243; _builder_version=&#8221;4.20.4&#8243; _module_preset=&#8221;default&#8221; global_colors_info=&#8221;{}&#8221;][et_pb_image src=&#8221;http:\/\/versirecruitment.com\/wp-content\/uploads\/2023\/04\/Untitled-design-11.png&#8221; title_text=&#8221;Untitled design (11)&#8221; disabled_on=&#8221;on|on|off&#8221; _builder_version=&#8221;4.20.4&#8243; _module_preset=&#8221;default&#8221; global_colors_info=&#8221;{}&#8221;][\/et_pb_image][\/et_pb_column_inner][\/et_pb_row_inner][\/et_pb_column][et_pb_column type=&#8221;1_3&#8243; _builder_version=&#8221;4.16&#8243; custom_padding=&#8221;|||&#8221; global_colors_info=&#8221;{}&#8221; custom_padding__hover=&#8221;|||&#8221;][et_pb_image src=&#8221;http:\/\/versirecruitment.com\/wp-content\/uploads\/2023\/04\/Untitled-design-12.png&#8221; title_text=&#8221;Untitled design (12)&#8221; disabled_on=&#8221;on|on|off&#8221; _builder_version=&#8221;4.20.4&#8243; _module_preset=&#8221;default&#8221; max_width=&#8221;400px&#8221; locked=&#8221;off&#8221; global_colors_info=&#8221;{}&#8221;][\/et_pb_image][et_pb_text _builder_version=&#8221;4.20.4&#8243; _module_preset=&#8221;29bb3e4b-c4aa-4616-b935-758c4e4734e8&#8243; header_font=&#8221;||||||||&#8221; header_font_size=&#8221;50px&#8221; header_3_font=&#8221;Poppins|500|||||||&#8221; header_3_font_size=&#8221;26px&#8221; header_3_line_height=&#8221;1.4em&#8221; custom_margin=&#8221;-27px||10px||false|false&#8221; header_3_font_size_tablet=&#8221;20px&#8221; header_3_font_size_phone=&#8221;16px&#8221; header_3_font_size_last_edited=&#8221;on|desktop&#8221; locked=&#8221;off&#8221; global_colors_info=&#8221;{}&#8221;]<\/p>\n<h3>Misiunea Noastr\u0103<\/h3>\n<p>[\/et_pb_text][et_pb_text _builder_version=&#8221;4.20.4&#8243; _module_preset=&#8221;f0cf31b9-b2e7-4752-a57c-6e2f73347b36&#8243; text_font=&#8221;Poppins|300|||||||&#8221; text_font_size=&#8221;16px&#8221; text_line_height=&#8221;1.8em&#8221; text_font_size_tablet=&#8221;15px&#8221; text_font_size_phone=&#8221;14px&#8221; text_font_size_last_edited=&#8221;on|desktop&#8221; header_font_size_tablet=&#8221;55px&#8221; header_font_size_last_edited=&#8221;off|desktop&#8221; locked=&#8221;off&#8221; global_colors_info=&#8221;{}&#8221;]<\/p>\n<p><span><\/span><\/p>\n<p><span>Misiunea noastr\u0103 este s\u0103 aducem fericirea la locul de munc\u0103 prin conectarea persoanelor talentate cu angajatorii de top din Uniunea European\u0103. <\/span><\/p>\n<p><span>\u00cen esen\u021ba noastr\u0103, credem c\u0103 fericirea adev\u0103rat\u0103 se g\u0103se\u0219te atunci c\u00e2nd persoanele sunt potrivite cu locul de munc\u0103 ideal, iar angajatorii cu candidatul ideal. Noi facilit\u0103m aceste conexiuni, asigur\u00e2ndu-ne c\u0103 at\u00e2t angajatorii, c\u00e2t \u0219i candida\u021bii se simt \u00eemplini\u021bi \u0219i satisf\u0103cu\u021bi.\u00a0<\/span><span><\/span><\/p>\n<p><span><\/span><\/p>\n<p>[\/et_pb_text][et_pb_image src=&#8221;http:\/\/versirecruitment.com\/wp-content\/uploads\/2023\/04\/Untitled-design-11.png&#8221; title_text=&#8221;Untitled design (11)&#8221; disabled_on=&#8221;off|off|on&#8221; _builder_version=&#8221;4.20.4&#8243; _module_preset=&#8221;default&#8221; global_colors_info=&#8221;{}&#8221;][\/et_pb_image][\/et_pb_column][\/et_pb_section]<\/p>","protected":false},"excerpt":{"rendered":"<p>Welcome to Versi RecruitmentWe are a dynamic and innovative recruitment agency based in Portugal, with operations throughout the European Union. We connect the right candidates with the right employers, helping businesses to grow and individuals to advance their careers. We are passionate about what we do, and we take pride in our ability to find [&hellip;]<\/p>","protected":false},"author":1,"featured_media":0,"parent":0,"menu_order":0,"comment_status":"closed","ping_status":"closed","template":"","meta":{"_acf_changed":false,"_et_pb_use_builder":"on","_et_pb_old_content":"","_et_gb_content_width":"","footnotes":""},"class_list":["post-288","page","type-page","status-publish","hentry"],"acf":[],"_links":{"self":[{"href":"https:\/\/versirecruitment.com\/ro\/wp-json\/wp\/v2\/pages\/288","targetHints":{"allow":["GET"]}}],"collection":[{"href":"https:\/\/versirecruitment.com\/ro\/wp-json\/wp\/v2\/pages"}],"about":[{"href":"https:\/\/versirecruitment.com\/ro\/wp-json\/wp\/v2\/types\/page"}],"author":[{"embeddable":true,"href":"https:\/\/versirecruitment.com\/ro\/wp-json\/wp\/v2\/users\/1"}],"replies":[{"embeddable":true,"href":"https:\/\/versirecruitment.com\/ro\/wp-json\/wp\/v2\/comments?post=288"}],"version-history":[{"count":15,"href":"https:\/\/versirecruitment.com\/ro\/wp-json\/wp\/v2\/pages\/288\/revisions"}],"predecessor-version":[{"id":2036,"href":"https:\/\/versirecruitment.com\/ro\/wp-json\/wp\/v2\/pages\/288\/revisions\/2036"}],"wp:attachment":[{"href":"https:\/\/versirecruitment.com\/ro\/wp-json\/wp\/v2\/media?parent=288"}],"curies":[{"name":"wp","href":"https:\/\/api.w.org\/{rel}","templated":true}]}}